{"id":10641,"date":"2013-03-12T14:00:11","date_gmt":"2013-03-12T21:00:11","guid":{"rendered":"https:\/\/elenemigocomun.net\/?page_id=10641"},"modified":"2020-11-30T14:09:58","modified_gmt":"2020-11-30T22:09:58","slug":"correo","status":"publish","type":"page","link":"https:\/\/elenemigocomun.net\/es\/correo\/","title":{"rendered":"Lista de correo"},"content":{"rendered":"\n<div class=\"wp-block-columns is-layout-flex wp-container-core-columns-is-layout-28f84493 wp-block-columns-is-layout-flex\">\n<div class=\"wp-block-column is-layout-flow wp-block-column-is-layout-flow\">\n<h3 class=\"wp-block-heading\">Suscr\u00edbate a la lista.<\/h3>\n\n\n\n<p>\n\t<label>Correo electr\u00f3nico: <\/label>\n\t<input type=\"email\" name=\"EMAIL\" placeholder=\"Tu correo electr\u00f3nico\" required=\"\">\n<\/p>\n\n<p>\n    <label>Idioma<\/label>\n    <select name=\"INTERESTS[4688e4e1a2]\" required=\"\">\n        <option disabled=\"\" value=\"\" selected=\"true\">Tu idioma<\/option>\n        <option value=\"b4226906e2\">Espa\u00f1ol<\/option>\n        <option value=\"12ce107480\">Ingles<\/option>\n    <\/select>\n<\/p>\n\n<p>\n\t<input type=\"submit\" value=\"Inscr\u00edbete\">\n<\/p>\n<\/div>\n\n\n\n<div class=\"wp-block-column is-layout-flow wp-block-column-is-layout-flow\"><\/div>\n<\/div>\n","protected":false},"excerpt":{"rendered":"<p>Suscr\u00edbate a la lista. Correo electr\u00f3nico: Idioma Tu idiomaEspa\u00f1olIngles<\/p>\n","protected":false},"author":13,"featured_media":0,"parent":0,"menu_order":0,"comment_status":"closed","ping_status":"closed","template":"","meta":{"iawp_total_views":0,"footnotes":""},"class_list":["post-10641","page","type-page","status-publish","hentry"],"blocksy_meta":{"styles_descriptor":{"styles":{"desktop":"","tablet":"","mobile":""},"google_fonts":[],"version":6}},"jetpack_sharing_enabled":false,"_links":{"self":[{"href":"https:\/\/elenemigocomun.net\/es\/wp-json\/wp\/v2\/pages\/10641","targetHints":{"allow":["GET"]}}],"collection":[{"href":"https:\/\/elenemigocomun.net\/es\/wp-json\/wp\/v2\/pages"}],"about":[{"href":"https:\/\/elenemigocomun.net\/es\/wp-json\/wp\/v2\/types\/page"}],"author":[{"embeddable":true,"href":"https:\/\/elenemigocomun.net\/es\/wp-json\/wp\/v2\/users\/13"}],"replies":[{"embeddable":true,"href":"https:\/\/elenemigocomun.net\/es\/wp-json\/wp\/v2\/comments?post=10641"}],"version-history":[{"count":0,"href":"https:\/\/elenemigocomun.net\/es\/wp-json\/wp\/v2\/pages\/10641\/revisions"}],"wp:attachment":[{"href":"https:\/\/elenemigocomun.net\/es\/wp-json\/wp\/v2\/media?parent=10641"}],"curies":[{"name":"wp","href":"https:\/\/api.w.org\/{rel}","templated":true}]}}