{"id":17741,"date":"2017-02-05T20:58:00","date_gmt":"2017-02-06T04:58:00","guid":{"rendered":"https:\/\/elenemigocomun.net\/?page_id=17741\/"},"modified":"2020-10-13T21:01:52","modified_gmt":"2020-10-14T04:01:52","slug":"donar","status":"publish","type":"page","link":"https:\/\/elenemigocomun.net\/es\/donar\/","title":{"rendered":"\u00a1Donar y apoyar El Enemigo Com\u00fan!"},"content":{"rendered":"\n<p><strong>PayPal: solidarity@elenemigocomun.net<\/strong> (<a href=\"https:\/\/www.paypal.com\/paypalme\/bradleyallen\" target=\"_blank\" rel=\"noreferrer noopener\">LINK<\/a>)<\/p>\n\n\n\n<hr class=\"wp-block-separator\"\/>\n\n\n\n<p><cite>El Enemigo Com\u00fan<\/cite> es una operaci\u00f3n totalmente voluntaria y enteramente gratuita. Para asegurarnos de que contin\u00fae as\u00ed, por favor aporta lo que puedas para ayudar a cubrir nuestros gastos operativos.<\/p>\n\n\n\n<p>En Febrero elenemigocomun.net celebra su duod\u00e9cimo aniversario. Decimos que se celebra, pero no lo celebramos porque no somos de los que les gusta celebrar. De hecho nuestro duod\u00e9cimo aniversario pasar\u00e1 sin anuncio ninguno. Por 12 a\u00f1os hemos producido medios independientes de M\u00e9xico en ingl\u00e9s y espa\u00f1ol. Por 12 a\u00f1os algunos de nuestros periodistas independientes han publicado art\u00edculos con investigaciones que contin\u00faan de tener relevancia hoy en d\u00eda. Por 12 a\u00f1os el elenemigocomun.net no ha pedido ning\u00fan apoyo monetario directo. Les pedimos que nos lean, que nos utilicen como referencia, que nos re publiquen, y que utilicen nuestro trabajo para llamarle la atenci\u00f3n al vergonzoso periodismo transnacional sobre el tema de M\u00e9xico y el pueblo Mexicano.<\/p>\n\n\n\n<p>Como Proyecto, orgullosamente hemos provisto este tipo de periodismo y recursos a nuestros lectores de manera gratuita. Queremos que el proyecto contin\u00fae siendo relevante y actual, y para lograrlo sentimos que ha llegado el momento de pedir a nuestros lectores un poco de apoyo financiero. En el transcurso de estos 12 a\u00f1os, hemos mejorado nuestra presencia en l\u00ednea, incluyendo el desarrollo de un firme sitio web personalizado, permiti\u00e9ndonos proveer el periodismo biling\u00fce por el cual nos conocen. Esta presencia cuesta m\u00e1s. Si bien no es mucho, pero para las operaciones de todos nuestros voluntarios es substancial.<\/p>\n\n\n\n<p>Nuestra meta es reunir $650 para cubrir nuestros gastos por los pr\u00f3ximos dos a\u00f1os. No estamos llevando a cabo una campa\u00f1a elaborada para reunir fondos. Simplemente estamos pidi\u00e9ndoles que donen lo que ustedes puedan. Eso es todo.<\/p>\n\n\n\n<p>Estamos orgullosos de nuestros esfuerzos para atraer mayor atenci\u00f3n de las valientes y diversas resistencias que han tomado lugar a trav\u00e9s de los \u00faltimos 12 a\u00f1os en M\u00e9xico, y podremos continuar haci\u00e9ndolo con tu apoyo. Si no puedes o no quieres donar nada, entonces no tienes que hacerlo. Pero si puedes entrarle, por favor hazlo de acuerdo a tus posibilidades.<\/p>\n\n\n\n<p>Por los pr\u00f3ximos 12 a\u00f1os de lucha!<\/p>\n\n\n\n<p>En solidaridad,<br>EEC<\/p>\n\n\n\n<figure class=\"wp-block-image size-large\"><img decoding=\"async\" src=\"https:\/\/i1.wp.com\/elenemigocomun.net\/wp-content\/uploads\/2015\/04\/poder-al-pueblo.jpg?w=600&amp;ssl=1\" alt=\"\"\/><\/figure>\n","protected":false},"excerpt":{"rendered":"<p>PayPal: solidarity@elenemigocomun.net (LINK) El Enemigo Com\u00fan es una operaci\u00f3n totalmente voluntaria y enteramente gratuita. Para asegurarnos de que contin\u00fae as\u00ed, por favor aporta lo que puedas para ayudar a cubrir nuestros gastos operativos. En Febrero elenemigocomun.net celebra su duod\u00e9cimo aniversario. Decimos que se celebra, pero no lo celebramos porque no somos de los que les [&hellip;]<\/p>\n","protected":false},"author":13,"featured_media":17739,"parent":0,"menu_order":0,"comment_status":"closed","ping_status":"closed","template":"","meta":{"iawp_total_views":2,"footnotes":""},"class_list":["post-17741","page","type-page","status-publish","has-post-thumbnail","hentry"],"blocksy_meta":{"styles_descriptor":{"styles":{"desktop":"","tablet":"","mobile":""},"google_fonts":[],"version":6}},"jetpack_sharing_enabled":true,"_links":{"self":[{"href":"https:\/\/elenemigocomun.net\/es\/wp-json\/wp\/v2\/pages\/17741","targetHints":{"allow":["GET"]}}],"collection":[{"href":"https:\/\/elenemigocomun.net\/es\/wp-json\/wp\/v2\/pages"}],"about":[{"href":"https:\/\/elenemigocomun.net\/es\/wp-json\/wp\/v2\/types\/page"}],"author":[{"embeddable":true,"href":"https:\/\/elenemigocomun.net\/es\/wp-json\/wp\/v2\/users\/13"}],"replies":[{"embeddable":true,"href":"https:\/\/elenemigocomun.net\/es\/wp-json\/wp\/v2\/comments?post=17741"}],"version-history":[{"count":0,"href":"https:\/\/elenemigocomun.net\/es\/wp-json\/wp\/v2\/pages\/17741\/revisions"}],"wp:featuredmedia":[{"embeddable":true,"href":"https:\/\/elenemigocomun.net\/es\/wp-json\/wp\/v2\/media\/17739"}],"wp:attachment":[{"href":"https:\/\/elenemigocomun.net\/es\/wp-json\/wp\/v2\/media?parent=17741"}],"curies":[{"name":"wp","href":"https:\/\/api.w.org\/{rel}","templated":true}]}}