{"id":6510,"date":"2010-12-19T14:57:41","date_gmt":"2010-12-19T21:57:41","guid":{"rendered":"https:\/\/elenemigocomun.net\/"},"modified":"2020-08-03T01:57:38","modified_gmt":"2020-08-03T08:57:38","slug":"acerca","status":"publish","type":"page","link":"https:\/\/elenemigocomun.net\/es\/acerca\/","title":{"rendered":"El Enemigo Com\u00fan"},"content":{"rendered":"\n<div class=\"wp-block-image\"><figure class=\"alignleft size-large\"><img decoding=\"async\" src=\"https:\/\/i2.wp.com\/elenemigocomun.net\/wp-content\/uploads\/2006\/10\/tonantzin_ii.jpg?resize=360%2C240&amp;ssl=1\" alt=\"\"\/><\/figure><\/div>\n\n\n\n<p><strong>elenemigocomun.net<\/strong> empez\u00f3 como un sitio web biling\u00fce con el prop\u00f3sito de crear m\u00e1s conciencia sobre los movimientos sociales en Oaxaca, M\u00e9xico e impulsar solidaridad con ellos. El sitio se lanz\u00f3 en 2005 para apoyar el documental <a href=\"https:\/\/elenemigocomun.net\/es\/pelicula\/\"><cite>El Enemigo Com\u00fan (The Common Enemy)<\/cite><\/a>, el cual pone en evidencia la represi\u00f3n y destaca la resistencia en Oaxaca. La pel\u00edcula documenta la actividad paramilitar en contra de las comunidades ind\u00edgenas desde 2002 a 2005 y da un contexto hist\u00f3rico sobre la expansi\u00f3n del capitalismo e imperio en Oaxaca.<\/p>\n\n\n\n<p><strong>elenemigocomun.net<\/strong> es un organismo internacional de vigilancia sobre la represi\u00f3n del estado. Es un proyecto de un colectivo peque\u00f1o de voluntarios en los Estados Unido y M\u00e9xico. Publicamos y traducimos comunicados, art\u00edculos, y otra informaci\u00f3n medi\u00e1tica desde, sobre, y para los movimientos sociales. Nuestro enfoque principal es sobre los pueblos ind\u00edgenas, las mujeres, y las y los j\u00f3venes ubicados en las comunidades urbanas y rurales en Oaxaca, pero tambi\u00e9n publicamos informaci\u00f3n sobre otras luchas en contra del neoliberalismo en M\u00e9xico.<\/p>\n\n\n\n<p>Trabajamos \u00edntimamente con activistas y acad\u00e9micos, pero m\u00e1s importante a\u00fan, con comunidades en resistencia en los Estados Unidos y M\u00e9xico. El material publicado en <strong>elenemigocomun.net<\/strong> viene de incontables colaboradores voluntarios. Nuestro proyecto contribuye a la producci\u00f3n medi\u00e1tica comunitaria en M\u00e9xico y los Estados Unidos.<\/p>\n\n\n\n<p>Les invitamos a unirse a la <a href=\"https:\/\/elenemigocomun.net\/es\/correo\/\">lista por correo<\/a>, conectarse con nosotros a trav\u00e9s de las <a href=\"https:\/\/elenemigocomun.net\/es\/suscribate\/\">redes sociales<\/a>, hacer un <a href=\"https:\/\/elenemigocomun.net\/donate\/\">donativo<\/a> para sostener el proyecto, y <a href=\"https:\/\/elenemigocomun.net\/es\/comunicate\/\">contactarnos<\/a> para presentar art\u00edculos o participar en el proyecto.<\/p>\n\n\n\n<div class=\"wp-block-image\"><figure class=\"aligncenter\"><img loading=\"lazy\" decoding=\"async\" width=\"600\" height=\"450\" data-attachment-id=\"13771\" data-permalink=\"https:\/\/elenemigocomun.net\/es\/acerca\/educacion-policia_8-19-05-2\/\" data-orig-file=\"https:\/\/elenemigocomun.net\/wp-content\/uploads\/2006\/06\/educacion-policia_8-19-05.jpg\" data-orig-size=\"600,450\" data-comments-opened=\"1\" data-image-meta=\"{&quot;aperture&quot;:&quot;2.8&quot;,&quot;credit&quot;:&quot;&quot;,&quot;camera&quot;:&quot;E5000&quot;,&quot;caption&quot;:&quot;&quot;,&quot;created_timestamp&quot;:&quot;1124473059&quot;,&quot;copyright&quot;:&quot;&quot;,&quot;focal_length&quot;:&quot;7.1&quot;,&quot;iso&quot;:&quot;100&quot;,&quot;shutter_speed&quot;:&quot;0.185185185185&quot;,&quot;title&quot;:&quot;&quot;,&quot;orientation&quot;:&quot;1&quot;}\" data-image-title=\"No Mas Rechazados, No al Plan Ju\u00e1rez en Oaxaca\" data-image-description=\"\" data-image-caption=\"\" data-large-file=\"https:\/\/elenemigocomun.net\/wp-content\/uploads\/2006\/06\/educacion-policia_8-19-05.jpg\" src=\"https:\/\/elenemigocomun.net\/wp-content\/uploads\/2006\/06\/educacion-policia_8-19-05.jpg\" alt=\"No Mas Rechazados, No al Plan Ju\u00e1rez en Oaxaca\" class=\"wp-image-13771\" srcset=\"https:\/\/elenemigocomun.net\/wp-content\/uploads\/2006\/06\/educacion-policia_8-19-05.jpg 600w, https:\/\/elenemigocomun.net\/wp-content\/uploads\/2006\/06\/educacion-policia_8-19-05-300x225.jpg 300w\" sizes=\"auto, (max-width: 600px) 100vw, 600px\" \/><\/figure><\/div>\n","protected":false},"excerpt":{"rendered":"<p>elenemigocomun.net empez\u00f3 como un sitio web biling\u00fce con el prop\u00f3sito de crear m\u00e1s conciencia sobre los movimientos sociales en Oaxaca, M\u00e9xico e impulsar solidaridad con ellos. El sitio se lanz\u00f3 en 2005 para apoyar el documental El Enemigo Com\u00fan (The Common Enemy), el cual pone en evidencia la represi\u00f3n y destaca la resistencia en Oaxaca. [&hellip;]<\/p>\n","protected":false},"author":13,"featured_media":13769,"parent":0,"menu_order":0,"comment_status":"closed","ping_status":"closed","template":"","meta":{"iawp_total_views":20,"footnotes":""},"class_list":["post-6510","page","type-page","status-publish","has-post-thumbnail","hentry"],"blocksy_meta":{"styles_descriptor":{"styles":{"desktop":"","tablet":"","mobile":""},"google_fonts":[],"version":6}},"jetpack_sharing_enabled":false,"_links":{"self":[{"href":"https:\/\/elenemigocomun.net\/es\/wp-json\/wp\/v2\/pages\/6510","targetHints":{"allow":["GET"]}}],"collection":[{"href":"https:\/\/elenemigocomun.net\/es\/wp-json\/wp\/v2\/pages"}],"about":[{"href":"https:\/\/elenemigocomun.net\/es\/wp-json\/wp\/v2\/types\/page"}],"author":[{"embeddable":true,"href":"https:\/\/elenemigocomun.net\/es\/wp-json\/wp\/v2\/users\/13"}],"replies":[{"embeddable":true,"href":"https:\/\/elenemigocomun.net\/es\/wp-json\/wp\/v2\/comments?post=6510"}],"version-history":[{"count":0,"href":"https:\/\/elenemigocomun.net\/es\/wp-json\/wp\/v2\/pages\/6510\/revisions"}],"wp:featuredmedia":[{"embeddable":true,"href":"https:\/\/elenemigocomun.net\/es\/wp-json\/wp\/v2\/media\/13769"}],"wp:attachment":[{"href":"https:\/\/elenemigocomun.net\/es\/wp-json\/wp\/v2\/media?parent=6510"}],"curies":[{"name":"wp","href":"https:\/\/api.w.org\/{rel}","templated":true}]}}