{"id":9950,"date":"2012-03-20T11:43:40","date_gmt":"2012-03-20T18:43:40","guid":{"rendered":"https:\/\/elenemigocomun.net\/?page_id=9950"},"modified":"2025-10-10T03:03:29","modified_gmt":"2025-10-10T10:03:29","slug":"banda","status":"publish","type":"page","link":"https:\/\/elenemigocomun.net\/es\/banda\/","title":{"rendered":"Colaboradores"},"content":{"rendered":"\n<p>La gran parte del material publicado en <span style=\"text-decoration: underline;\">elenemigocomun.net<\/span> se produce por activistas que participan en organizaciones pol\u00edtico-sociales, colectivos de medios independientes y grupos de solidaridad basados principalmente en M\u00e9xico y Estados Unidos. En nuestro sitio, puedes acceder a audios, videos, fotos y art\u00edculos que ofrecen informaci\u00f3n actualizada sobre la gente que lucha por justicia en defensa de su territorio, recursos y manera de vivir, ante el saqueo corporativo justificado por el gobierno e implementado por la creciente violencia militar y paramilitar a nombre de la seguridad nacional. Nuestros colaboradores documentan la organizaci\u00f3n comunitaria y actos de resistencia pol\u00edtica, social y cultural; revelan la represi\u00f3n estatal contra activistas; y realizan penetrantes an\u00e1lisis de la intervenci\u00f3n militar estadounidense en M\u00e9xico. Tambi\u00e9n traducimos y publicamos comunicados sobre eventos claves, igual que llamados a acci\u00f3n urgente, que suele incluir el env\u00edo de cartas o fax a las autoridades o la realizaci\u00f3n de manifestaciones en frente de uno de los consulados mexicanos en EEUU o el mundo.<\/p>\n\n\n\n<p>&nbsp;<\/p>\n\n\n\n<h3 class=\"wp-block-heading\">Colaboradores<\/h3>\n\n\n\n<p>&nbsp;<\/p>\n\n\n\n<figure class=\"wp-block-table\"><table class=\"has-fixed-layout\"><tbody><tr><td><figure><img loading=\"lazy\" decoding=\"async\" class=\"alignleft size-full wp-image-124\" title=\"Bradley Allen\" src=\"https:\/\/elenemigocomun.net\/wp-content\/uploads\/2006\/09\/poder-al-pueblo_8-27-06.jpg\" alt=\"\" width=\"140\" height=\"105\"><\/figure> <strong>Bradley Allen<\/strong> es un reportero y redactor voluntario con Indybay. En febrero de 2006, cre\u00f3 el sitio <u>elenemigocomun.net<\/u> para apoyar el documental, <cite>El Enemigo Com\u00fan<\/cite>. Bradley se encarga de mantener el sitio. Sus fotos han sido ampliamente difundidas y se destacan en numerosos documentales sobre la rebeli\u00f3n de <a href=\"https:\/\/elenemigocomun.net\/2007\/09\/little-bit-much-truth\/\">Oaxaca de 2006<\/a>. Bradley cubri\u00f3 la protesta contra el \u00c1rea de Libre Comercio de las Am\u00e9ricas (FTAA) en <a href=\"http:\/\/bradleyallen.net\/2003\/11\/19\/miami-ftaa\/\">Miami, Florida<\/a> en 2003, y sus fotos se incluyeron en el documental pionero de denuncia <a href=\"https:\/\/archive.org\/details\/miamimodel\">The Miami Model (El Modelo Miami)<\/a>. Tambi\u00e9n document\u00f3 la Convenci\u00f3n Nacional Republicana de 2008 en <a href=\"https:\/\/bradleystuart.net\/tags\/rnc\/\">St. Paul, Minnesota<\/a>, igual que muchos otros eventos significativos. [<strong><a href=\"https:\/\/bradleyallen.net\/about\/\">BradleyAllen.net<\/a><\/strong>]<\/td><\/tr><tr><td><figure><img loading=\"lazy\" decoding=\"async\" data-attachment-id=\"18657\" data-permalink=\"https:\/\/elenemigocomun.net\/es\/banda\/1402-2\/\" data-orig-file=\"https:\/\/elenemigocomun.net\/wp-content\/uploads\/2008\/01\/fogata.jpg\" data-orig-size=\"107,140\" data-comments-opened=\"1\" data-image-meta=\"[]\" data-image-title=\"fogata\" data-image-description=\"\" data-image-caption=\"\" data-large-file=\"https:\/\/elenemigocomun.net\/wp-content\/uploads\/2008\/01\/fogata.jpg\" title=\"Carolina\" width=\"107\" height=\"140\" class=\"alignleft wp-image-18657 size-full\" src=\"https:\/\/elenemigocomun.net\/wp-content\/uploads\/2025\/10\/fogata-2006.jpg\" alt=\"\"><\/figure><br> <strong>Carolina<\/strong> es activista, periodista y traductora. Sus reportajes se publican en las p\u00e1ginas de varios medios libres e independientes en M\u00e9xico y otros pa\u00edses, incluyendo <cite>CML-DF<\/cite>, <cite>Noticias de la Rebeli\u00f3n<\/cite>, <cite>Regeneraci\u00f3n Radio<\/cite>, <cite>Zapateando<\/cite>, <cite>Multimedios Cronopios<\/cite>, <cite>Radio Zapote<\/cite>, <cite>Ke Huelga Radio<\/cite>, <cite>Desinform\u00e9monos<\/cite>, <cite>M\u00e9xico Indymedia<\/cite>, <cite>La Haine<\/cite>, <cite>Abu-Jamal News<\/cite>, <cite>Angola 3 News<\/cite>, <cite>Poor Magazine<\/cite>, <cite>Defenestrator<\/cite>, y <cite>Indybay Indymedia<\/cite>. Ella se encuentra en las calles urbanas, comunidades ind\u00edgenas, ciudades universitarias, espacios ocupados o afuera de las prisiones, reportando las palabras de gente en resistencia para que lleguen lo m\u00e1s lejos posible. Sus traducciones han sido muy \u00fatiles en la difusi\u00f3n de llamados de acci\u00f3n urgente cuando se ha desatado la represi\u00f3n contra activistas en Oaxaca, y tambi\u00e9n en Atenco, Guerrero, Michoac\u00e1n, Chiapas, Ciudad Ju\u00e1rez o M\u00e9xico DF. La lucha por la libertad de las presas y presos pol\u00edticos y en contra del sistema carcelario es una de sus altas prioridades. [<a href=\"https:\/\/elenemigocomun.net\/es\/author\/carolina\"><strong>Algunos art\u00edculos de Carolina<\/strong><\/a>] [<a href=\"https:\/\/elenemigocomun.net\/es\/2025\/10\/en-memoria-carolina-saldana\/\"><strong>En memoria de Carolina Salda\u00f1a<\/strong><\/a>]<\/td><\/tr><tr><td><figure><img loading=\"lazy\" decoding=\"async\" data-attachment-id=\"18659\" data-permalink=\"https:\/\/elenemigocomun.net\/es\/banda\/awk-2\/\" data-orig-file=\"https:\/\/elenemigocomun.net\/wp-content\/uploads\/2008\/11\/awk.jpg\" data-orig-size=\"135,140\" data-comments-opened=\"1\" data-image-meta=\"{&quot;aperture&quot;:&quot;0&quot;,&quot;credit&quot;:&quot;&quot;,&quot;camera&quot;:&quot;&quot;,&quot;caption&quot;:&quot;&quot;,&quot;created_timestamp&quot;:&quot;0&quot;,&quot;copyright&quot;:&quot;&quot;,&quot;focal_length&quot;:&quot;0&quot;,&quot;iso&quot;:&quot;0&quot;,&quot;shutter_speed&quot;:&quot;0&quot;,&quot;title&quot;:&quot;&quot;}\" data-image-title=\"awk\" data-image-description=\"\" data-image-caption=\"\" data-large-file=\"https:\/\/elenemigocomun.net\/wp-content\/uploads\/2008\/11\/awk.jpg\" class=\"alignleft wp-image-18659 size-full\" title=\"Scott Campbell\" src=\"https:\/\/elenemigocomun.net\/wp-content\/uploads\/2025\/10\/awk-2006.jpg\" alt=\"\" width=\"135\" height=\"140\"><\/figure> <strong>Scott Campbell<\/strong> es organizador, escritor y traductor de Oakland, CA, donde trabaja en asuntos relacionados con la guerra, las ocupaciones, la migraci\u00f3n y la resistencia. Participa activamente en Okupa Oakland y en actividades en solidaridad con Palestina. Durante varios a\u00f1os ha viajado y vivido en M\u00e9xico, especialmente en Chiapas y Oaxaca. Sus observaciones, art\u00edculos y traducciones se publican en <cite>El Enemigo Com\u00fan<\/cite> y tambi\u00e9n en <cite>CounterPunch<\/cite>, <cite>Monthly Review Zine<\/cite>, <cite>ZNet<\/cite>, <cite>Dissident Voice<\/cite>, <cite>Rebeli\u00f3n<\/cite>, <cite>OaxacaLibre<\/cite> y m\u00e1s. <cite>El Enemigo Com\u00fan<\/cite> public\u00f3 <a href=\"https:\/\/elenemigocomun.net\/es\/2011\/11\/el-enemigo-comun-apoya-scott-campbell\/\">esta declaraci\u00f3n<\/a> despu\u00e9s de que Scott fue disparado por un proyectil tipo beanbag mientas filmaba a la polic\u00eda de Oakland despu\u00e9s de la Huelga General de Oakland el 2 de noviembre de 2011. Sus fotos y videos desde Palestina se encuentran en sus cuentas de Flickr y <a href=\"http:\/\/www.youtube.com\/user\/antiprocon\">YouTube<\/a>. Chequen su blog <a href=\"https:\/\/angrywhitekid.blogs.com\/\">Angry White Kid<\/a> y su p\u00e1gina de <a href=\"https:\/\/twitter.com\/angrywhitekid\">Twitter<\/a>.<\/td><\/tr><tr><td><figure><img loading=\"lazy\" decoding=\"async\" class=\"alignleft size-thumbnail wp-image-3380\" title=\"Sim\u00f3n Sedillo\" src=\"https:\/\/elenemigocomun.net\/wp-content\/uploads\/2008\/01\/simon-2009-200x150.jpg\" alt=\"\" width=\"200\" height=\"150\" srcset=\"https:\/\/elenemigocomun.net\/wp-content\/uploads\/2008\/01\/simon-2009-200x150.jpg 200w, https:\/\/elenemigocomun.net\/wp-content\/uploads\/2008\/01\/simon-2009-300x225.jpg 300w, https:\/\/elenemigocomun.net\/wp-content\/uploads\/2008\/01\/simon-2009.jpg 640w\" sizes=\"auto, (max-width: 200px) 100vw, 200px\" \/><\/figure> <strong>Sim\u00f3n Sedillo<\/strong> es organizador en defensa de derechos comunitarios y documentalista. Pasa la mitad de su tiempo voluntariamente documentando, produciendo y ense\u00f1ando la documentaci\u00f3n en video en comunidades en M\u00e9xico y Estados Unidos. La otra mitad la pasa presentando talleres y proyectando videos en universidades y centros comunitarios en todas partes de Estados Unidos. Sedillo ha contribuido a la producci\u00f3n de un creciente archivo de documentales. Los suyos se centran en las comunidades de ind\u00edgenas, inmigrantes y gente de color en Estados Unidos y M\u00e9xico. Con temas de los derechos comunitarios, la m\u00fasica tradicional y la cultura moderna urbana de hip hop, los filmes de Sedillo est\u00e1n llegando a un creciente p\u00fablico en los dos pa\u00edses. [<a href=\"https:\/\/elenemigocomun.net\/es\/banda\/simon-sedillo\/\"><strong>Seguir Leyendo<\/strong><\/a>]<\/td><\/tr><\/tbody><\/table><\/figure>\n\n\n\n<hr class=\"wp-block-separator has-alpha-channel-opacity\"\/>\n\n\n\n<h3 class=\"wp-block-heading\">Agradecimientos<\/h3>\n\n\n\n<p>Agradecemos mucho a toda la gente que particip\u00f3 en la producci\u00f3n del documental <cite>El Enemigo Com\u00fan<\/cite> y nos ayud\u00f3 a lanzar este sitio con sus art\u00edculos, fotos y videos.<\/p>\n\n\n\n<p>Voluntarios del <strong>Centro de Medios Independientes de Austin<\/strong> hicieron numerosos viajes a Oaxaca como periodistas y observadores de derechos humanos, trabajaron con organizaciones comunitarias y colaboraron con la Coordinadora Oaxaque\u00f1a Magonista Popular Antineoliberal (COMPA) en la producci\u00f3n de <cite>El Enemigo Com\u00fan<\/cite>.<\/p>\n\n\n\n<p>En su rodaje, uno de sus integrantes, Brent Perdue, capt\u00f3 im\u00e1genes dram\u00e1ticas para el documental e hizo reportajes des Oaxaca despu\u00e9s del estreno del filme. Sus art\u00edculos incluyen \u00ab<a href=\"https:\/\/elenemigocomun.net\/2006\/06\/oaxaca-explodes\/\">Oaxaca Explodes<\/a>\u00bb y \u00ab<a href=\"https:\/\/elenemigocomun.net\/2006\/08\/impunity-ruiz-ortiz-face-repression\/\">With Impunity, Ruiz Ortiz, the Face of Repression<\/a>.\u00bb<\/p>\n\n\n\n<p>Otros colaboradores incluyen:<\/p>\n\n\n\n<ul class=\"wp-block-list\">\n<li><strong>danielsan<\/strong>, quien viaj\u00f3 a Mexico en 2006 para aprender de la lucha magisterial y de la resistencia popular en Oaxaca y public\u00f3 audios, fotos y videos que destacan importantes aspectos de la rebeli\u00f3n y de la subsecuente represi\u00f3n del gobierno. [<a href=\"https:\/\/elenemigocomun.net\/author\/danielsan\/\"><strong>Audios, fotos y videos de danielsan<\/strong><\/a>]<\/li>\n\n\n\n<li><strong>Barucha Calamity Peller<\/strong>, cuyas fotos y an\u00e1lisis de los eventos en Oaxaca han sido difundidos ampliamente en medios alternativos como CounterPunch y el Independent Media Center. Peller report\u00f3 desde L\u00edbano durante la Guerra israel\u00ed-libanesa, en 2006 justamente antes de llegar a Oaxaca. [<a href=\"https:\/\/elenemigocomun.net\/author\/calamity\/\"><strong>Lean sus art\u00edculos<\/strong><\/a>]<\/li>\n\n\n\n<li><strong>Jen Lawhorne<\/strong>, quien ayud\u00f3 a difundir las \u00faltimas noticias desde Oaxaca y tradujo informaci\u00f3n crucial al ingl\u00e9s. Lawhorne rod\u00f3 y produjo cortos videos sobre las mujeres que participaron en la hist\u00f3rica toma de la televisora Canal 9 y otras 13 emisoras privadas, incluyendo su documental <a href=\"https:\/\/vimeo.com\/6729709\"><cite>La toma de los medios en Oaxaca<\/cite><\/a>.<\/li>\n<\/ul>\n\n\n\n<p>Nuestros agradecimientos especiales a los <strong>Friends of Brad Will<\/strong>, una red de activistas sociales basada en Estados Unidos. El grupo fue creado en memoria de Brad Will, un periodista de Indymedia de la ciudad de Nueva York, quien fue asesinado de bala en Oaxaca, Mexico el 27 de octubre de 2006 por paramilitares afiliados con el Partido Revolucionario Institucional (PRI). Los amigos y familiares de Brad Will siguen trabajando para demostrar la complicidad del gobierno mexicano en el asesinato de Brad Will y se oponen a la expansi\u00f3n de la fracasada \u201cguerra contra la droga\u201d estadounidense bajo el disfraz del \u00abPlan M\u00e9xico,\u00bb ahora conocido como la \u00abIniciativa M\u00e9rida\u00bb.<\/p>\n","protected":false},"excerpt":{"rendered":"<p>La gran parte del material publicado en elenemigocomun.net se produce por activistas que participan en organizaciones pol\u00edtico-sociales, colectivos de medios independientes y grupos de solidaridad basados principalmente en M\u00e9xico y Estados Unidos. En nuestro sitio, puedes acceder a audios, videos, fotos y art\u00edculos que ofrecen informaci\u00f3n actualizada sobre la gente que lucha por justicia en [&hellip;]<\/p>\n","protected":false},"author":13,"featured_media":0,"parent":0,"menu_order":0,"comment_status":"closed","ping_status":"closed","template":"","meta":{"iawp_total_views":5,"footnotes":""},"class_list":["post-9950","page","type-page","status-publish","hentry"],"blocksy_meta":{"styles_descriptor":{"styles":{"desktop":"","tablet":"","mobile":""},"google_fonts":[],"version":6}},"jetpack_sharing_enabled":true,"_links":{"self":[{"href":"https:\/\/elenemigocomun.net\/es\/wp-json\/wp\/v2\/pages\/9950","targetHints":{"allow":["GET"]}}],"collection":[{"href":"https:\/\/elenemigocomun.net\/es\/wp-json\/wp\/v2\/pages"}],"about":[{"href":"https:\/\/elenemigocomun.net\/es\/wp-json\/wp\/v2\/types\/page"}],"author":[{"embeddable":true,"href":"https:\/\/elenemigocomun.net\/es\/wp-json\/wp\/v2\/users\/13"}],"replies":[{"embeddable":true,"href":"https:\/\/elenemigocomun.net\/es\/wp-json\/wp\/v2\/comments?post=9950"}],"version-history":[{"count":5,"href":"https:\/\/elenemigocomun.net\/es\/wp-json\/wp\/v2\/pages\/9950\/revisions"}],"predecessor-version":[{"id":20561,"href":"https:\/\/elenemigocomun.net\/es\/wp-json\/wp\/v2\/pages\/9950\/revisions\/20561"}],"wp:attachment":[{"href":"https:\/\/elenemigocomun.net\/es\/wp-json\/wp\/v2\/media?parent=9950"}],"curies":[{"name":"wp","href":"https:\/\/api.w.org\/{rel}","templated":true}]}}