{"id":9954,"date":"2012-03-20T11:53:18","date_gmt":"2012-03-20T18:53:18","guid":{"rendered":"https:\/\/elenemigocomun.net\/?page_id=9954"},"modified":"2015-10-26T18:43:33","modified_gmt":"2015-10-27T01:43:33","slug":"simon-sedillo","status":"publish","type":"page","link":"https:\/\/elenemigocomun.net\/es\/banda\/simon-sedillo\/","title":{"rendered":"Sim\u00f3n Sedillo"},"content":{"rendered":"<p><img loading=\"lazy\" decoding=\"async\" class=\"alignleft size-medium wp-image-3380\" title=\"Sim\u00f3n Sedillo\" alt=\"\" src=\"https:\/\/elenemigocomun.net\/wp-content\/uploads\/2008\/01\/simon-2009-300x225.jpg\" width=\"300\" height=\"225\" srcset=\"https:\/\/elenemigocomun.net\/wp-content\/uploads\/2008\/01\/simon-2009-300x225.jpg 300w, https:\/\/elenemigocomun.net\/wp-content\/uploads\/2008\/01\/simon-2009-200x150.jpg 200w, https:\/\/elenemigocomun.net\/wp-content\/uploads\/2008\/01\/simon-2009.jpg 640w\" sizes=\"auto, (max-width: 300px) 100vw, 300px\" \/> <strong>Sim\u00f3n Sedillo<\/strong> ha contribuido a la producci\u00f3n de una amplia variedad de pel\u00edculas documentales que se enfocan principalmente en los efectos del neoliberalismo y la militarizaci\u00f3n en las comunidades ind\u00edgenas, las comunidades de inmigrantes y las comunidades de color en los EE.UU. y M\u00e9xico. Sedillo gira por universidades y centros comunitarios en todo los EE.UU. presentando documentales, platicas, y talleres sobre la econom\u00eda pol\u00edtica y la geopol\u00edtica en M\u00e9xico y los EE.UU. <\/p>\n<h2>2012 Talleres y Platicas<\/h2>\n<p>\u201cArmas, drogas y esclavitud: Crimen y corrupci\u00f3n en la econom\u00eda pol\u00edtica de EU\u201d <\/p>\n<p>\u201cArmas, drogas y esclavitud: Crimen y corrupci\u00f3n en la econom\u00eda pol\u00edtica de EU\u201d es una nueva investigaci\u00f3n sobre la econom\u00eda pol\u00edtica de Estados Unidos, la globalizaci\u00f3n corporativa, las pr\u00e1cticas bancarias ilegales, y el militarismo estadounidense.  La presentaci\u00f3n de Sedillo facilita una discusi\u00f3n participativa sobre el crimen y la corrupci\u00f3n en la econom\u00eda pol\u00edtica de Estados Unidos y sus efectos sobre gente pobre en todas partes. Se identifica la manera en que varias instituciones e industrias perpetran los peores cr\u00edmenes de la sociedad mientras sistem\u00e1ticamente oprimen y criminalizan las comunidades de color, las comunidades ind\u00edgenas y la gente pobre en general. Tambi\u00e9n se habla de posibles estrategias de liberaci\u00f3n comunitaria y se propone un plan de tres puntos para \u201cLa liberaci\u00f3n del barrio\u201d. <\/p>\n","protected":false},"excerpt":{"rendered":"<p>Sim\u00f3n Sedillo ha contribuido a la producci\u00f3n de una amplia variedad de pel\u00edculas documentales que se enfocan principalmente en los efectos del neoliberalismo y la militarizaci\u00f3n en las comunidades ind\u00edgenas, las comunidades de inmigrantes y las comunidades de color en los EE.UU. y M\u00e9xico. Sedillo gira por universidades y centros comunitarios en todo los EE.UU. [&hellip;]<\/p>\n","protected":false},"author":13,"featured_media":0,"parent":9950,"menu_order":0,"comment_status":"closed","ping_status":"closed","template":"","meta":{"iawp_total_views":6,"footnotes":""},"class_list":["post-9954","page","type-page","status-publish","hentry"],"blocksy_meta":{"styles_descriptor":{"styles":{"desktop":"","tablet":"","mobile":""},"google_fonts":[],"version":6}},"jetpack_sharing_enabled":true,"_links":{"self":[{"href":"https:\/\/elenemigocomun.net\/es\/wp-json\/wp\/v2\/pages\/9954","targetHints":{"allow":["GET"]}}],"collection":[{"href":"https:\/\/elenemigocomun.net\/es\/wp-json\/wp\/v2\/pages"}],"about":[{"href":"https:\/\/elenemigocomun.net\/es\/wp-json\/wp\/v2\/types\/page"}],"author":[{"embeddable":true,"href":"https:\/\/elenemigocomun.net\/es\/wp-json\/wp\/v2\/users\/13"}],"replies":[{"embeddable":true,"href":"https:\/\/elenemigocomun.net\/es\/wp-json\/wp\/v2\/comments?post=9954"}],"version-history":[{"count":0,"href":"https:\/\/elenemigocomun.net\/es\/wp-json\/wp\/v2\/pages\/9954\/revisions"}],"up":[{"embeddable":true,"href":"https:\/\/elenemigocomun.net\/es\/wp-json\/wp\/v2\/pages\/9950"}],"wp:attachment":[{"href":"https:\/\/elenemigocomun.net\/es\/wp-json\/wp\/v2\/media?parent=9954"}],"curies":[{"name":"wp","href":"https:\/\/api.w.org\/{rel}","templated":true}]}}